{"id":311,"date":"2021-12-12T21:39:38","date_gmt":"2021-12-12T20:39:38","guid":{"rendered":"https:\/\/farben123.de\/?page_id=311"},"modified":"2024-08-12T12:21:48","modified_gmt":"2024-08-12T10:21:48","slug":"impressum","status":"publish","type":"page","link":"https:\/\/rhmueller.com\/en\/impressum\/","title":{"rendered":"Impressum"},"content":{"rendered":"\t\t<div data-elementor-type=\"wp-page\" data-elementor-id=\"311\" class=\"elementor elementor-311\">\n\t\t\t\t\t\t<section class=\"elementor-section elementor-top-section elementor-element elementor-element-5706d5c elementor-section-boxed elementor-section-height-default elementor-section-height-default wpr-particle-no wpr-jarallax-no wpr-parallax-no wpr-sticky-section-no parallax_section_no qode_elementor_container_no\" data-id=\"5706d5c\" data-element_type=\"section\">\n\t\t\t\t\t\t<div class=\"elementor-container elementor-column-gap-default\">\n\t\t\t\t\t<div class=\"elementor-column elementor-col-100 elementor-top-column elementor-element elementor-element-bd9a53f\" data-id=\"bd9a53f\" data-element_type=\"column\">\n\t\t\t<div class=\"elementor-widget-wrap elementor-element-populated\">\n\t\t\t\t\t\t<div class=\"elementor-element elementor-element-872f09c elementor-widget elementor-widget-spacer\" data-id=\"872f09c\" data-element_type=\"widget\" data-widget_type=\"spacer.default\">\n\t\t\t\t<div class=\"elementor-widget-container\">\n\t\t\t<style>\/*! elementor - v3.23.0 - 25-07-2024 *\/\n.elementor-column .elementor-spacer-inner{height:var(--spacer-size)}.e-con{--container-widget-width:100%}.e-con-inner>.elementor-widget-spacer,.e-con>.elementor-widget-spacer{width:var(--container-widget-width,var(--spacer-size));--align-self:var(--container-widget-align-self,initial);--flex-shrink:0}.e-con-inner>.elementor-widget-spacer>.elementor-widget-container,.e-con>.elementor-widget-spacer>.elementor-widget-container{height:100%;width:100%}.e-con-inner>.elementor-widget-spacer>.elementor-widget-container>.elementor-spacer,.e-con>.elementor-widget-spacer>.elementor-widget-container>.elementor-spacer{height:100%}.e-con-inner>.elementor-widget-spacer>.elementor-widget-container>.elementor-spacer>.elementor-spacer-inner,.e-con>.elementor-widget-spacer>.elementor-widget-container>.elementor-spacer>.elementor-spacer-inner{height:var(--container-widget-height,var(--spacer-size))}.e-con-inner>.elementor-widget-spacer.elementor-widget-empty,.e-con>.elementor-widget-spacer.elementor-widget-empty{position:relative;min-height:22px;min-width:22px}.e-con-inner>.elementor-widget-spacer.elementor-widget-empty .elementor-widget-empty-icon,.e-con>.elementor-widget-spacer.elementor-widget-empty .elementor-widget-empty-icon{position:absolute;top:0;bottom:0;left:0;right:0;margin:auto;padding:0;width:22px;height:22px}<\/style>\t\t<div class=\"elementor-spacer\">\n\t\t\t<div class=\"elementor-spacer-inner\"><\/div>\n\t\t<\/div>\n\t\t\t\t<\/div>\n\t\t\t\t<\/div>\n\t\t\t\t<div class=\"elementor-element elementor-element-885b34c elementor-widget elementor-widget-text-editor\" data-id=\"885b34c\" data-element_type=\"widget\" data-widget_type=\"text-editor.default\">\n\t\t\t\t<div class=\"elementor-widget-container\">\n\t\t\t<style>\/*! elementor - v3.23.0 - 25-07-2024 *\/\n.elementor-widget-text-editor.elementor-drop-cap-view-stacked .elementor-drop-cap{background-color:#69727d;color:#fff}.elementor-widget-text-editor.elementor-drop-cap-view-framed .elementor-drop-cap{color:#69727d;border:3px solid;background-color:transparent}.elementor-widget-text-editor:not(.elementor-drop-cap-view-default) .elementor-drop-cap{margin-top:8px}.elementor-widget-text-editor:not(.elementor-drop-cap-view-default) .elementor-drop-cap-letter{width:1em;height:1em}.elementor-widget-text-editor .elementor-drop-cap{float:left;text-align:center;line-height:1;font-size:50px}.elementor-widget-text-editor .elementor-drop-cap-letter{display:inline-block}<\/style>\t\t\t\t<div align=\"left\">\u00a0<\/div><div align=\"left\"><pre><strong style=\"color: #1d1d1d; font-family: 'Open Sans', georgia, serif; font-size: 2.4rem;\"><span style=\"font-size: medium;\">Angaben gem\u00e4\u00df \u00a7 5 TMG:<\/span><\/strong><\/pre><p>ROLF\u00a0 H. M\u00dcLLER\u00a0 GMBH<\/p><\/div><div align=\"left\">Tiefensteiner Strasse 288<\/div><div align=\"left\">55743 Idar-Oberstein<\/div><div align=\"left\"><p>Germany<br \/><br \/><\/p><\/div><div align=\"left\"><span style=\"color: #808080;\">Ph. <a style=\"color: #808080;\" href=\"tel:0678131234\">0049-6781-31234<\/a><\/span><\/div><div align=\"left\"><span style=\"color: #808080;\">Fx. 0049-6781-35600<\/span><\/div><div align=\"left\"><p><span style=\"color: #808080;\"><a style=\"color: #808080;\" href=\"mailto:info@rhmueller.com\/en\">info@rhmueller.com\/en<\/a><\/span><\/p><\/div><div align=\"left\">\u00a0<\/div><p><strong>Handelsregister:\u00a0 \u00a0<\/strong> \u00a0 \u00a0<br \/>Bad Kreuznach, HRB-Nr. 10311<\/p><p><strong>Geschaeftsfuehrer:\u00a0<\/strong> <br \/>Gisela G\u00f6rner, Christian G\u00f6rner<\/p><p><strong>Ust.-Id.-Nr.:\u00a0 \u00a0<\/strong> \u00a0 \u00a0 \u00a0 \u00a0 \u00a0 \u00a0 \u00a0<br \/>DE 811240442<\/p><p>\u00a0<\/p><h3 style=\"line-height: 1.1; margin-bottom: 10px; font-family: 'Open Sans', georgia, serif; font-weight: 400; color: #1d1d1d; font-size: 2.4rem; letter-spacing: normal; text-transform: none; background-color: #ffffff;\"><strong style=\"font-weight: bold;\"><span style=\"font-size: medium;\">Haftung f\u00fcr Inhalte<\/span><\/strong><\/h3><p style=\"line-height: 1.5rem; margin-top: 0rem; margin-bottom: 1rem; color: #6d6d6d; background-color: #ffffff; font-family: 'Open Sans', Arial, Helvetica, sans-serif;\">Als Diensteanbieter sind wir gem\u00e4\u00df \u00a7 7 Abs.1 TMG f\u00fcr eigene Inhalte auf diesen Seiten nach den allgemeinen Gesetzen verantwortlich. Nach \u00a7\u00a7 8 bis 10 TMG sind wir als Diensteanbieter jedoch nicht verpflichtet, \u00fcbermittelte oder gespeicherte fremde Informationen zu \u00fcberwachen oder nach Umst\u00e4nden zu forschen, die auf eine rechtswidrige T\u00e4tigkeit hinweisen.<\/p><p style=\"line-height: 1.5rem; margin-top: 0rem; margin-bottom: 1rem; color: #6d6d6d; background-color: #ffffff; font-family: 'Open Sans', Arial, Helvetica, sans-serif;\">Verpflichtungen zur Entfernung oder Sperrung der Nutzung von Informationen nach den allgemeinen Gesetzen bleiben hiervon unber\u00fchrt. Eine diesbez\u00fcgliche Haftung ist jedoch erst ab dem Zeitpunkt der Kenntnis einer konkreten Rechtsverletzung m\u00f6glich. Bei Bekanntwerden von entsprechenden Rechtsverletzungen werden wir diese Inhalte umgehend entfernen.<\/p><h3 style=\"line-height: 1.1; margin-bottom: 10px; font-family: 'Open Sans', georgia, serif; font-weight: 400; color: #1d1d1d; font-size: 2.4rem; letter-spacing: normal; text-transform: none; background-color: #ffffff;\"><strong style=\"font-weight: bold;\"><span style=\"font-size: medium;\">Haftung f\u00fcr Links<\/span><\/strong><\/h3><p style=\"line-height: 1.5rem; margin-top: 0rem; margin-bottom: 1rem; color: #6d6d6d; background-color: #ffffff; font-family: 'Open Sans', Arial, Helvetica, sans-serif;\">Unser Angebot enth\u00e4lt Links zu externen Websites Dritter, auf deren Inhalte wir keinen Einfluss haben. Deshalb k\u00f6nnen wir f\u00fcr diese fremden Inhalte auch keine Gew\u00e4hr \u00fcbernehmen. F\u00fcr die Inhalte der verlinkten Seiten ist stets der jeweilige Anbieter oder Betreiber der Seiten verantwortlich. Die verlinkten Seiten wurden zum Zeitpunkt der Verlinkung auf m\u00f6gliche Rechtsverst\u00f6\u00dfe \u00fcberpr\u00fcft. Rechtswidrige Inhalte waren zum Zeitpunkt der Verlinkung nicht erkennbar.<\/p><p style=\"line-height: 1.5rem; margin-top: 0rem; margin-bottom: 1rem; color: #6d6d6d; background-color: #ffffff; font-family: 'Open Sans', Arial, Helvetica, sans-serif;\">Eine permanente inhaltliche Kontrolle der verlinkten Seiten ist jedoch ohne konkrete Anhaltspunkte einer Rechtsverletzung nicht zumutbar. Bei Bekanntwerden von Rechtsverletzungen werden wir derartige Links umgehend entfernen.<\/p><h3 style=\"line-height: 1.1; margin-bottom: 10px; font-family: 'Open Sans', georgia, serif; font-weight: 400; color: #1d1d1d; font-size: 2.4rem; letter-spacing: normal; text-transform: none; background-color: #ffffff;\"><strong style=\"font-weight: bold;\"><span style=\"font-size: medium;\">Urheberrecht<\/span><\/strong><\/h3><p style=\"line-height: 1.5rem; margin-top: 0rem; margin-bottom: 1rem; color: #6d6d6d; background-color: #ffffff; font-family: 'Open Sans', Arial, Helvetica, sans-serif;\">Die durch die Seitenbetreiber erstellten Inhalte und Werke auf diesen Seiten unterliegen dem deutschen Urheberrecht. Die Vervielf\u00e4ltigung, Bearbeitung, Verbreitung und jede Art der Verwertung au\u00dferhalb der Grenzen des Urheberrechtes bed\u00fcrfen der schriftlichen Zustimmung des jeweiligen Autors bzw. Erstellers. Downloads und Kopien dieser Seite sind nur f\u00fcr den privaten, nicht kommerziellen Gebrauch gestattet.<\/p><p style=\"line-height: 1.5rem; margin-top: 0rem; margin-bottom: 1rem; color: #6d6d6d; background-color: #ffffff; font-family: 'Open Sans', Arial, Helvetica, sans-serif;\">Soweit die Inhalte auf dieser Seite nicht vom Betreiber erstellt wurden, werden die Urheberrechte Dritter beachtet. Insbesondere werden Inhalte Dritter als solche gekennzeichnet. Sollten Sie trotzdem auf eine Urheberrechtsverletzung aufmerksam werden, bitten wir um einen entsprechenden Hinweis. Bei Bekanntwerden von Rechtsverletzungen werden wir derartige Inhalte umgehend entfernen.<\/p><p style=\"line-height: 1.5rem; margin-top: 0rem; margin-bottom: 1rem; color: #6d6d6d; background-color: #ffffff; font-family: 'Open Sans', Arial, Helvetica, sans-serif;\"><img decoding=\"async\" class=\"alignnone size-full wp-image-648 lazyload\" src=\"data:image\/gif;base64,R0lGODlhAQABAIAAAAAAAP\/\/\/yH5BAEAAAAALAAAAAABAAEAAAIBRAA7\" data-src=\"https:\/\/rhmueller.com\/en\/wp-content\/uploads\/2024\/08\/Logoirk.png\" alt=\"\" width=\"268\" height=\"104\" \/><noscript><img decoding=\"async\" class=\"alignnone size-full wp-image-648 lazyload\" src=\"https:\/\/rhmueller.com\/en\/wp-content\/uploads\/2024\/08\/Logoirk.png\" alt=\"\" width=\"268\" height=\"104\" \/><\/noscript><\/p><p style=\"line-height: 1.5rem; margin-top: 0rem; margin-bottom: 1rem; color: #6d6d6d; background-color: #ffffff; font-family: 'Open Sans', Arial, Helvetica, sans-serif;\">\u00a0<\/p>\t\t\t\t\t\t<\/div>\n\t\t\t\t<\/div>\n\t\t\t\t\t<\/div>\n\t\t<\/div>\n\t\t\t\t\t<\/div>\n\t\t<\/section>\n\t\t\t\t<section class=\"elementor-section elementor-top-section elementor-element elementor-element-e167215 elementor-section-boxed elementor-section-height-default elementor-section-height-default wpr-particle-no wpr-jarallax-no wpr-parallax-no wpr-sticky-section-no parallax_section_no qode_elementor_container_no\" data-id=\"e167215\" data-element_type=\"section\">\n\t\t\t\t\t\t<div class=\"elementor-container elementor-column-gap-default\">\n\t\t\t\t\t<div class=\"elementor-column elementor-col-100 elementor-top-column elementor-element elementor-element-77e0a80\" data-id=\"77e0a80\" data-element_type=\"column\">\n\t\t\t<div class=\"elementor-widget-wrap\">\n\t\t\t\t\t\t\t<\/div>\n\t\t<\/div>\n\t\t\t\t\t<\/div>\n\t\t<\/section>\n\t\t\t\t<\/div>\n\t\t","protected":false},"excerpt":{"rendered":"<p>\u00a0 Angaben gem\u00e4\u00df \u00a7 5 TMG: ROLF\u00a0 H. M\u00dcLLER\u00a0 GMBH Tiefensteiner Strasse 28855743 Idar-Oberstein Germany Ph. 0049-6781-31234Fx. 0049-6781-35600 info@rhmueller.com \u00a0 Handelsregister:\u00a0 \u00a0 \u00a0 \u00a0Bad Kreuznach, HRB-Nr. 10311 Geschaeftsfuehrer:\u00a0 Gisela G\u00f6rner,&#8230;<\/p>\n","protected":false},"author":1,"featured_media":0,"parent":0,"menu_order":0,"comment_status":"closed","ping_status":"closed","template":"","meta":{"footnotes":""},"class_list":["post-311","page","type-page","status-publish","hentry"],"_links":{"self":[{"href":"https:\/\/rhmueller.com\/en\/wp-json\/wp\/v2\/pages\/311"}],"collection":[{"href":"https:\/\/rhmueller.com\/en\/wp-json\/wp\/v2\/pages"}],"about":[{"href":"https:\/\/rhmueller.com\/en\/wp-json\/wp\/v2\/types\/page"}],"author":[{"embeddable":true,"href":"https:\/\/rhmueller.com\/en\/wp-json\/wp\/v2\/users\/1"}],"replies":[{"embeddable":true,"href":"https:\/\/rhmueller.com\/en\/wp-json\/wp\/v2\/comments?post=311"}],"version-history":[{"count":31,"href":"https:\/\/rhmueller.com\/en\/wp-json\/wp\/v2\/pages\/311\/revisions"}],"predecessor-version":[{"id":651,"href":"https:\/\/rhmueller.com\/en\/wp-json\/wp\/v2\/pages\/311\/revisions\/651"}],"wp:attachment":[{"href":"https:\/\/rhmueller.com\/en\/wp-json\/wp\/v2\/media?parent=311"}],"curies":[{"name":"wp","href":"https:\/\/api.w.org\/{rel}","templated":true}]}}